{"id":21877,"date":"2024-09-12T17:27:58","date_gmt":"2024-09-12T17:27:58","guid":{"rendered":"https:\/\/buska.fr\/?page_id=21877"},"modified":"2024-09-12T17:28:43","modified_gmt":"2024-09-12T17:28:43","slug":"become-an-affiliate","status":"publish","type":"page","link":"https:\/\/buska.fr\/fr\/devenir-affilie\/","title":{"rendered":"Devenir affili\u00e9"},"content":{"rendered":"<div data-elementor-type=\"wp-page\" data-elementor-id=\"21877\" class=\"elementor elementor-21877\">\n\t\t\t\t<div class=\"elementor-element elementor-element-0ced2dd e-flex e-con-boxed e-con e-parent\" data-id=\"0ced2dd\" data-element_type=\"container\">\n\t\t\t\t\t<div class=\"e-con-inner\">\n\t\t\t\t<div class=\"elementor-element elementor-element-df5476f elementor-widget elementor-widget-elementskit-heading\" data-id=\"df5476f\" data-element_type=\"widget\" data-settings=\"{&quot;ekit_we_effect_on&quot;:&quot;none&quot;}\" data-widget_type=\"elementskit-heading.default\">\n\t\t\t\t<div class=\"elementor-widget-container\">\n\t\t\t\t\t<div class=\"ekit-wid-con\" ><div class=\"ekit-heading elementskit-section-title-wraper text_center   ekit_heading_tablet-   ekit_heading_mobile-\"><h2 class=\"ekit-heading--title elementskit-section-title\">Devenir affili\u00e9<\/h2>\t\t\t\t<div class='ekit-heading__description'>\n\t\t\t\t\t<div class=\"framer-kmesyf\">\n<div class=\"framer-1ua8qiy\">\n<p class=\"framer-text framer-styles-preset-1xyxhcs\">Nous sommes ravis de vous accueillir ! En rejoignant notre programme, vous gagnerez 20% des revenus g\u00e9n\u00e9r\u00e9s par les clients que vous nous recommandez, pour une dur\u00e9e de 12 mois.<\/p>\n<\/div>\n<\/div>\n<div class=\"framer-1w2yun7\">\u00a0<\/div>\n\t\t\t\t<\/div>\n\t\t\t<\/div><\/div>\t\t\t\t<\/div>\n\t\t\t\t<\/div>\n\t\t\t\t\t<\/div>\n\t\t\t\t<\/div>\n\t\t<div class=\"elementor-element elementor-element-3f7c01e e-flex e-con-boxed e-con e-parent\" data-id=\"3f7c01e\" data-element_type=\"container\">\n\t\t\t\t\t<div class=\"e-con-inner\">\n\t\t\t\t<div class=\"elementor-element elementor-element-8f0b943 elementor-widget elementor-widget-image\" data-id=\"8f0b943\" data-element_type=\"widget\" data-settings=\"{&quot;ekit_we_effect_on&quot;:&quot;none&quot;}\" data-widget_type=\"image.default\">\n\t\t\t\t<div class=\"elementor-widget-container\">\n\t\t\t\t\t\t\t\t\t\t\t\t\t\t\t<img fetchpriority=\"high\" decoding=\"async\" width=\"1024\" height=\"576\" src=\"https:\/\/buska.fr\/wp-content\/uploads\/2024\/09\/x8MsMLzPw4oCKSmMNOuZy76n2Is-1024x576.jpg\" class=\"attachment-large size-large wp-image-21879\" alt=\"\" srcset=\"https:\/\/buska.fr\/wp-content\/uploads\/2024\/09\/x8MsMLzPw4oCKSmMNOuZy76n2Is-1024x576.jpg 1024w, https:\/\/buska.fr\/wp-content\/uploads\/2024\/09\/x8MsMLzPw4oCKSmMNOuZy76n2Is-300x169.jpg 300w, https:\/\/buska.fr\/wp-content\/uploads\/2024\/09\/x8MsMLzPw4oCKSmMNOuZy76n2Is-768x432.jpg 768w, https:\/\/buska.fr\/wp-content\/uploads\/2024\/09\/x8MsMLzPw4oCKSmMNOuZy76n2Is-1536x864.jpg 1536w, https:\/\/buska.fr\/wp-content\/uploads\/2024\/09\/x8MsMLzPw4oCKSmMNOuZy76n2Is-710x399.jpg 710w, https:\/\/buska.fr\/wp-content\/uploads\/2024\/09\/x8MsMLzPw4oCKSmMNOuZy76n2Is.jpg 2048w\" sizes=\"(max-width: 1024px) 100vw, 1024px\" \/>\t\t\t\t\t\t\t\t\t\t\t\t\t\t\t<\/div>\n\t\t\t\t<\/div>\n\t\t\t\t\t<\/div>\n\t\t\t\t<\/div>\n\t\t<div class=\"elementor-element elementor-element-1431545 e-flex e-con-boxed e-con e-parent\" data-id=\"1431545\" data-element_type=\"container\">\n\t\t\t\t\t<div class=\"e-con-inner\">\n\t\t\t\t<div class=\"elementor-element elementor-element-2bc89db elementor-widget elementor-widget-elementskit-heading\" data-id=\"2bc89db\" data-element_type=\"widget\" data-settings=\"{&quot;ekit_we_effect_on&quot;:&quot;none&quot;}\" data-widget_type=\"elementskit-heading.default\">\n\t\t\t\t<div class=\"elementor-widget-container\">\n\t\t\t\t\t<div class=\"ekit-wid-con\" ><div class=\"ekit-heading elementskit-section-title-wraper text_left   ekit_heading_tablet-   ekit_heading_mobile-\"><h6 class=\"elementskit-section-subtitle\">\n\t\t\t\t\t\tD\u00c9TAILS\n\t\t\t\t\t<\/h6><h2 class=\"ekit-heading--title elementskit-section-title\">Quelques explications<\/h2>\t\t\t\t<div class='ekit-heading__description'>\n\t\t\t\t\t<p class=\"framer-text framer-styles-preset-1il5k53\">Voici quelques points importants \u00e0 comprendre avant de commencer :<\/p>\n<p class=\"framer-text framer-styles-preset-1il5k53\">- Les paiements sont effectu\u00e9s le premier de chaque mois. Si le premier jour tombe un week-end, le paiement sera effectu\u00e9 dans les jours suivants.<\/p>\n<p class=\"framer-text framer-styles-preset-1il5k53\">- Un seuil minimum de $50 en commissions est requis pour \u00eatre \u00e9ligible au paiement mensuel.<\/p>\n<p class=\"framer-text framer-styles-preset-1il5k53\">- Les commissions sont valid\u00e9es 30 jours apr\u00e8s chaque paiement, conform\u00e9ment \u00e0 notre politique de remboursement.<\/p>\n<p class=\"framer-text framer-styles-preset-1il5k53\">- Il est interdit de promouvoir Buska par le biais de publicit\u00e9s payantes ou de parrainages sans notre accord pr\u00e9alable. Cela inclut tous les types de publicit\u00e9s payantes. Le non-respect de cette r\u00e8gle entra\u00eenera la suspension de votre compte et l'annulation de toutes les commissions et ventes associ\u00e9es.<\/p>\n<p class=\"framer-text framer-styles-preset-1il5k53\">- En cas de nombre \u00e9lev\u00e9 de ventes suspectes, nous pouvons demander des preuves de vos m\u00e9thodes de promotion.<\/p>\n<p>\u00a0<\/p>\n<p class=\"framer-text framer-styles-preset-1il5k53\"><em>Si vous pensez \u00eatre la personne id\u00e9ale, posez votre candidature en utilisant le formulaire ci-dessous, et nous vous r\u00e9pondrons dans les 72 heures.<\/em><\/p>\n\t\t\t\t<\/div>\n\t\t\t<\/div><\/div>\t\t\t\t<\/div>\n\t\t\t\t<\/div>\n\t\t\t\t\t<\/div>\n\t\t\t\t<\/div>\n\t\t<div class=\"elementor-element elementor-element-f768187 e-flex e-con-boxed e-con e-parent\" data-id=\"f768187\" data-element_type=\"container\">\n\t\t\t\t\t<div class=\"e-con-inner\">\n\t\t\t\t<div class=\"elementor-element elementor-element-6be3ab9 elementor-widget elementor-widget-html\" data-id=\"6be3ab9\" data-element_type=\"widget\" data-settings=\"{&quot;ekit_we_effect_on&quot;:&quot;none&quot;}\" data-widget_type=\"html.default\">\n\t\t\t\t<div class=\"elementor-widget-container\">\n\t\t\t\t\t<iframe data-tally-src=\"https:\/\/tally.so\/embed\/wg9rOl?alignLeft=1&hideTitle=1&transparentBackground=1&dynamicHeight=1\" loading=\"lazy\" width=\"100%\" height=\"1\" frameborder=\"0\" marginheight=\"0\" marginwidth=\"0\" title=\"Devenir affili\u00e9\"><\/iframe><script>var d=document,w=\"https:\/\/tally.so\/widgets\/embed.js\",v=function(){\"undefined\"!=typeof Tally?Tally.loadEmbeds():d.querySelectorAll(\"iframe[data-tally-src]:not([src])\").forEach((function(e){e.src=e.dataset.tallySrc}))};if(\"undefined\"!=typeof Tally)v();else if(d.querySelector('script[src=\"'+w+'\"]')==null){var s=d.createElement(\"script\");s.src=w,s.onload=v,s.onerror=v,d.body.appendChild(s);}<\/script>\r\n\t\t\t\t<\/div>\n\t\t\t\t<\/div>\n\t\t\t\t\t<\/div>\n\t\t\t\t<\/div>\n\t\t\t\t<\/div>","protected":false},"excerpt":{"rendered":"<p>Become an affiliate We are delighted to welcome you! By joining our program, you will earn 20% of the revenue generated by the customers you refer, for a duration of 12 months. \u00a0 DETAILS A few explanations Here are a few important points to understand before you start: &#8211; Payments are made on the first [&hellip;]<\/p>","protected":false},"author":1,"featured_media":0,"parent":0,"menu_order":0,"comment_status":"closed","ping_status":"closed","template":"","meta":{"om_disable_all_campaigns":false,"_monsterinsights_skip_tracking":false,"_monsterinsights_sitenote_active":false,"_monsterinsights_sitenote_note":"","_monsterinsights_sitenote_category":0,"footnotes":""},"class_list":["post-21877","page","type-page","status-publish","hentry"],"aioseo_notices":[],"_links":{"self":[{"href":"https:\/\/buska.fr\/fr\/wp-json\/wp\/v2\/pages\/21877","targetHints":{"allow":["GET"]}}],"collection":[{"href":"https:\/\/buska.fr\/fr\/wp-json\/wp\/v2\/pages"}],"about":[{"href":"https:\/\/buska.fr\/fr\/wp-json\/wp\/v2\/types\/page"}],"author":[{"embeddable":true,"href":"https:\/\/buska.fr\/fr\/wp-json\/wp\/v2\/users\/1"}],"replies":[{"embeddable":true,"href":"https:\/\/buska.fr\/fr\/wp-json\/wp\/v2\/comments?post=21877"}],"version-history":[{"count":4,"href":"https:\/\/buska.fr\/fr\/wp-json\/wp\/v2\/pages\/21877\/revisions"}],"predecessor-version":[{"id":21882,"href":"https:\/\/buska.fr\/fr\/wp-json\/wp\/v2\/pages\/21877\/revisions\/21882"}],"wp:attachment":[{"href":"https:\/\/buska.fr\/fr\/wp-json\/wp\/v2\/media?parent=21877"}],"curies":[{"name":"wp","href":"https:\/\/api.w.org\/{rel}","templated":true}]}}