{"id":21873,"date":"2024-09-12T17:20:14","date_gmt":"2024-09-12T17:20:14","guid":{"rendered":"https:\/\/buska.fr\/?page_id=21873"},"modified":"2024-09-12T17:20:14","modified_gmt":"2024-09-12T17:20:14","slug":"terms","status":"publish","type":"page","link":"https:\/\/buska.fr\/fr\/termes\/","title":{"rendered":"Mentions l\u00e9gales"},"content":{"rendered":"<p>Toutes les informations sur ce site - <a href=\"https:\/\/www.buska.io\/\">www.buska.io<\/a> - sont publi\u00e9es en toute bonne foi et \u00e0 titre d'information g\u00e9n\u00e9rale uniquement. www.buska.io n'offre aucune garantie quant \u00e0 l'exhaustivit\u00e9, la fiabilit\u00e9 et l'exactitude de ces informations. Toute action entreprise sur la base des informations trouv\u00e9es sur ce site web (www.buska.io) l'est de votre enti\u00e8re responsabilit\u00e9. Le site www.buska.io ou l'ENTREPRISE ne sauraient \u00eatre tenus responsables des pertes et\/ou dommages li\u00e9s \u00e0 l'utilisation de son site web.<\/p>\n\n\n\n<h4 class=\"wp-block-heading\">Mentions l\u00e9gales<\/h4>\n\n\n\n<h5 class=\"wp-block-heading\">L'entreprise<\/h5>\n\n\n\n<p>La soci\u00e9t\u00e9 Fibroweb est une soci\u00e9t\u00e9 par actions simplifi\u00e9e au capital de 1 euro, est en cours d'immatriculation au R.C.S. de Grasse, l'adresse e-mail est hello(at)buska.io.<\/p>\n\n\n\n<h5 class=\"wp-block-heading\">Conditions d'utilisation<\/h5>\n\n\n\n<p>\u00c0 partir de notre site web, vous pouvez visiter d'autres sites web en suivant les liens hypertextes vers ces sites externes. Bien que nous nous efforcions de ne fournir que des liens de qualit\u00e9 vers des sites utiles et \u00e9thiques, nous n'avons aucun contr\u00f4le sur le contenu et la nature de ces sites. \nCes liens vers d'autres sites web n'impliquent pas une recommandation de l'ensemble du contenu de ces sites. Les propri\u00e9taires et le contenu des sites peuvent changer sans pr\u00e9avis et cela peut se produire avant que nous ayons la possibilit\u00e9 de supprimer un lien qui serait devenu \"mauvais\". Sachez \u00e9galement que lorsque vous quittez notre site web, d'autres sites peuvent avoir des politiques de confidentialit\u00e9 et des conditions diff\u00e9rentes qui \u00e9chappent \u00e0 notre contr\u00f4le. Veillez \u00e0 v\u00e9rifier les politiques de confidentialit\u00e9 de ces sites ainsi que leurs \"mentions l\u00e9gales\" avant de vous engager dans une activit\u00e9 commerciale ou de t\u00e9l\u00e9charger des informations.<\/p>\n\n\n\n<h5 class=\"wp-block-heading\">Soci\u00e9t\u00e9 d'h\u00e9bergement<\/h5>\n\n\n\n<ul class=\"wp-block-list\">\n<li>SAS au capital de 10 174 560 \u20ac.<\/li>\n\n\n\n<li>RCS Lille M\u00e9tropole 424 761 419 00045<\/li>\n\n\n\n<li>Code APE 2620Z<\/li>\n\n\n\n<li>NUM\u00c9RO DE TVA : FR 22 424 761 419<\/li>\n\n\n\n<li>Si\u00e8ge social : 2 rue Kellermann - 59100 Roubaix - France<\/li>\n\n\n\n<li>Pr\u00e9sident : Michel Paulin<\/li>\n\n\n\n<li>OVH SAS est une filiale d'OVH Groupe SA, soci\u00e9t\u00e9 immatricul\u00e9e au Registre du Commerce et des Soci\u00e9t\u00e9s de Lille sous le num\u00e9ro 537 407 926 et situ\u00e9e au 2, rue Kellermann, 59100 Roubaix.<\/li>\n<\/ul>\n\n\n\n<h5 class=\"wp-block-heading\">Consentement<\/h5>\n\n\n\n<p>En utilisant notre site web, vous consentez par la pr\u00e9sente \u00e0 notre clause de non-responsabilit\u00e9 et en acceptez les termes.<\/p>\n\n\n\n<h5 class=\"wp-block-heading\">Mise \u00e0 jour<\/h5>\n\n\n\n<p>Si nous mettons \u00e0 jour, modifions ou apportons des changements \u00e0 ce document, ces changements seront affich\u00e9s de mani\u00e8re visible ici.<\/p>\n\n\n\n<h4 class=\"wp-block-heading\"><strong>Conditions g\u00e9n\u00e9rales de vente<\/strong><\/h4>\n\n\n\n<p>Mise \u00e0 jour de la version : 20 janvier 2024<\/p>\n\n\n\n<h5 class=\"wp-block-heading\">Introduction<\/h5>\n\n\n\n<p>Les pr\u00e9sentes conditions g\u00e9n\u00e9rales de vente (ci-apr\u00e8s d\u00e9nomm\u00e9es \"CGV\") s'appliquent \u00e0 la fourniture des services d\u00e9crits sur le site web <a href=\"http:\/\/www.buska.io\/\">www.buska.io<\/a> (ci-apr\u00e8s d\u00e9nomm\u00e9 le \"Site web\") ou tel que d\u00e9crit dans tout Bon de commande, tel que d\u00e9crit ci-dessous (ci-apr\u00e8s d\u00e9nomm\u00e9 les \"Services\"), \u00e0 buska.io, une soci\u00e9t\u00e9 enregistr\u00e9e sous [Ins\u00e9rer le num\u00e9ro d'enregistrement de la soci\u00e9t\u00e9], dont le si\u00e8ge social est situ\u00e9 \u00e0 [Ins\u00e9rer l'adresse de l'entreprise]. Les CGV sont destin\u00e9es \u00e0 d\u00e9finir les conditions dans lesquelles les Services seront fournis au Client et \u00e0 d\u00e9crire les droits et obligations des parties.<\/p>\n\n\n\n<p>Les pr\u00e9sentes CGV peuvent \u00eatre compl\u00e9t\u00e9es par un bon de commande (ci-apr\u00e8s d\u00e9nomm\u00e9 \"bon de commande\") ou des conditions particuli\u00e8res d'utilisation de certains services, qui seront consid\u00e9r\u00e9s comme compl\u00e9mentaires aux pr\u00e9sentes CGV. En cas de contradiction, elles pr\u00e9vaudront sur les pr\u00e9sentes CGV. En signant un Bon de commande ou en acceptant les pr\u00e9sentes CGV lors du processus d'enregistrement, vous confirmez \u00eatre autoris\u00e9 \u00e0 engager le Client par cette proc\u00e9dure.<\/p>\n\n\n\n<p>Les Services sont exclusivement destin\u00e9s aux professionnels, entendus comme toute personne physique ou morale exer\u00e7ant une activit\u00e9 r\u00e9mun\u00e9r\u00e9e non occasionnelle dans toutes les branches de l'industrie et du commerce.<\/p>\n\n\n\n<h5 class=\"wp-block-heading\">Description du service<\/h5>\n\n\n\n<p><strong>Les services<\/strong><\/p>\n\n\n\n<ul class=\"wp-block-list\">\n<li>Les Services d\u00e9signent la derni\u00e8re version des services web, des logiciels associ\u00e9s et des autres services connexes fournis au Client par buska.io conform\u00e9ment aux pr\u00e9sentes CGV et au Bon de commande, le cas \u00e9ch\u00e9ant. Les Services sont offerts sur une base SaaS (Software as a Service), avec diverses caract\u00e9ristiques et fonctions d\u00e9crites sur le site web de buska.io (ci-apr\u00e8s d\u00e9nomm\u00e9es la \"Solution\").<\/li>\n<\/ul>\n\n\n\n<ul class=\"wp-block-list\">\n<li>Les services peuvent \u00e9galement inclure des services et des modules suppl\u00e9mentaires, y compris des services professionnels, des logiciels et des services de tiers, comme convenu entre le Client et buska.io.<\/li>\n\n\n\n<li>buska.io travaille continuellement au d\u00e9veloppement et \u00e0 l'am\u00e9lioration des services. buska.io se r\u00e9serve le droit d'introduire de nouvelles versions, des mises \u00e0 jour et des paquets pour les services, y compris, mais sans s'y limiter, des changements affectant la conception, les m\u00e9thodes d'exploitation, les sp\u00e9cifications techniques, les syst\u00e8mes et d'autres fonctionnalit\u00e9s des services \u00e0 tout moment et sans pr\u00e9avis. Le Client sera inform\u00e9 \u00e0 l'avance si buska.io consid\u00e8re que les changements sont d'une importance vitale pour le Client.<\/li>\n<\/ul>\n\n\n\n<p><strong>Acc\u00e8s aux services, mots de passe, etc.<\/strong><\/p>\n\n\n\n<ul class=\"wp-block-list\">\n<li>buska.io prot\u00e8ge les Services, et il est essentiel qu'ils puissent \u00eatre utilis\u00e9s en toute s\u00e9curit\u00e9. Le Client doit s'assurer que les noms d'utilisateur et les mots de passe des utilisateurs acc\u00e9dant \u00e0 la Solution sont stock\u00e9s et utilis\u00e9s de mani\u00e8re s\u00e9curis\u00e9e et ne peuvent \u00eatre acc\u00e9d\u00e9s ou utilis\u00e9s par des tiers non autoris\u00e9s. Le Client est responsable de toute utilisation non autoris\u00e9e de ses noms d'utilisateur et de ses informations de connexion pour acc\u00e9der aux Services.<\/li>\n<\/ul>\n\n\n\n<ul class=\"wp-block-list\">\n<li>Si le Client soup\u00e7onne qu'une personne non autoris\u00e9e a connaissance d'un nom d'utilisateur et\/ou d'un mot de passe, le Client doit imm\u00e9diatement en informer buska.io et changer ce nom d'utilisateur et\/ou ce mot de passe.<\/li>\n\n\n\n<li>buska.io se r\u00e9serve le droit de mettre fin \u00e0 l'acc\u00e8s du Client aux Services \u00e0 tout moment si buska.io consid\u00e8re que le Client ne respecte pas les CGV ou s'il existe un risque pour la s\u00e9curit\u00e9 de la Solution et des Services.<\/li>\n<\/ul>\n\n\n\n<h5 class=\"wp-block-heading\"><strong>Utilisation des services<\/strong><\/h5>\n\n\n\n<ul class=\"wp-block-list\">\n<li>Les Services peuvent \u00eatre utilis\u00e9s par le Client en tant qu'entit\u00e9s et organisations l\u00e9galement constitu\u00e9es, conform\u00e9ment aux pr\u00e9sentes CGV, au Bon de commande, le cas \u00e9ch\u00e9ant, et aux instructions administratives et de s\u00e9curit\u00e9 communiqu\u00e9es au Client par buska.io telles que des informations via les Services, des messages directs au Client, ou via le Site web.<\/li>\n<\/ul>\n\n\n\n<ul class=\"wp-block-list\">\n<li>Le client est responsable des activit\u00e9s men\u00e9es par ses utilisateurs, y compris les employ\u00e9s, les consultants, les dirigeants, les administrateurs, les agents ou le personnel dans le cadre des services, et utilise les services dans le respect de toutes les lois applicables.<\/li>\n\n\n\n<li>Tout contenu t\u00e9l\u00e9charg\u00e9, transf\u00e9r\u00e9, affich\u00e9 publiquement, trait\u00e9 ou introduit dans les services par le client (ci-apr\u00e8s d\u00e9nomm\u00e9 \"contenu du client\") est consid\u00e9r\u00e9 comme relevant de la seule responsabilit\u00e9 du client.<\/li>\n<\/ul>\n\n\n\n<h5 class=\"wp-block-heading\">Confidentialit\u00e9 et s\u00e9curit\u00e9 des donn\u00e9es<\/h5>\n\n\n\n<ul class=\"wp-block-list\">\n<li>Dans le cadre de leur relation contractuelle, chaque Partie s'engage \u00e0 respecter la r\u00e9glementation applicable au traitement des donn\u00e9es \u00e0 caract\u00e8re personnel, notamment le R\u00e8glement g\u00e9n\u00e9ral sur la protection des donn\u00e9es (RGPD) et toute loi nationale pertinente.<\/li>\n\n\n\n<li>buska.io mettra en \u0153uvre les mesures techniques et organisationnelles appropri\u00e9es pour assurer la s\u00e9curit\u00e9 et la confidentialit\u00e9 des donn\u00e9es personnelles. Le Client est responsable de s'assurer qu'il dispose de la base l\u00e9gale pour le transfert des donn\u00e9es personnelles \u00e0 buska.io et pour le traitement dans le cadre des Services.<\/li>\n<\/ul>\n\n\n\n<h5 class=\"wp-block-heading\">Responsabilit\u00e9 du client<\/h5>\n\n\n\n<ul class=\"wp-block-list\">\n<li>Le client n'utilisera les services qu'\u00e0 des fins professionnelles internes et s'abstiendra : (i) d'accorder une licence, une sous-licence, de vendre, de revendre, de louer, de transf\u00e9rer, de c\u00e9der, de distribuer, de partager du temps ou d'exploiter commercialement de toute autre mani\u00e8re les services ou de les mettre \u00e0 la disposition d'un tiers ; (ii) d'envoyer des spams ou d'autres messages non sollicit\u00e9s en violation des lois applicables ; (iii) d'envoyer ou de stocker des logiciels malveillants ; ou (iv) d'interf\u00e9rer avec les services ou d'en perturber l'int\u00e9grit\u00e9 ou les performances.<\/li>\n\n\n\n<li>Le Client garantit \u00e0 buska.io qu'il dispose de tous les droits et autorisations n\u00e9cessaires pour distribuer le Contenu Client. Il s'engage \u00e0 ce que le Contenu Client soit l\u00e9gal et ne porte pas atteinte aux droits de tiers.<\/li>\n<\/ul>\n\n\n\n<h5 class=\"wp-block-heading\">Conditions d'abonnement et de paiement<\/h5>\n\n\n\n<p>Les services sont accessibles par le biais de diff\u00e9rents plans d'abonnement. Les d\u00e9tails et les tarifs de ces plans sont disponibles sur la plateforme buska.io. b. Les paiements sont effectu\u00e9s par carte de cr\u00e9dit via Stripe. En fournissant leurs informations de paiement, les Clients autorisent le Prestataire \u00e0 facturer l'abonnement selon les modalit\u00e9s choisies.<\/p>\n\n\n\n<h5 class=\"wp-block-heading\">Politique de remboursement<\/h5>\n\n\n\n<ul class=\"wp-block-list\">\n<li>En raison de la nature des services num\u00e9riques fournis, buska.io adopte une politique stricte de non-remboursement. Une fois que le paiement d'un abonnement est effectu\u00e9, il n'est pas remboursable.<\/li>\n<\/ul>\n\n\n\n<ul class=\"wp-block-list\">\n<li>Annulation de l'abonnement : Les clients peuvent r\u00e9silier leur abonnement \u00e0 tout moment. Toutefois, la r\u00e9siliation n'emp\u00eachera que les facturations futures et ne donnera pas au client le droit de se faire rembourser les frais d\u00e9j\u00e0 pay\u00e9s. En cas de r\u00e9siliation, le client continuera \u00e0 avoir acc\u00e8s aux services jusqu'\u00e0 la fin du cycle de facturation en cours.<\/li>\n\n\n\n<li>Circonstances exceptionnelles : Dans des cas exceptionnels o\u00f9 il est prouv\u00e9 que le service est significativement d\u00e9ficient ou ne correspond pas \u00e0 la description, buska.io peut, \u00e0 sa seule discr\u00e9tion, d\u00e9cider d'effectuer un remboursement partiel ou total. Cette d\u00e9cision est soumise \u00e0 un examen approfondi et \u00e0 la confirmation par buska.io des d\u00e9ficiences invoqu\u00e9es.<\/li>\n\n\n\n<li>Demandes de remboursement : Toute demande de remboursement dans des circonstances exceptionnelles doit \u00eatre faite par \u00e9crit, en d\u00e9taillant la nature de la d\u00e9ficience et la fa\u00e7on dont elle affecte de mani\u00e8re significative l'utilisation des services par le client. buska.io \u00e9valuera de telles demandes au cas par cas.<\/li>\n\n\n\n<li>Changements dans les services : Si buska.io apporte des changements significatifs aux services qui affectent mat\u00e9riellement l'utilisation et la satisfaction du client, buska.io en informera le client \u00e0 l'avance. Dans ce cas, le Client peut avoir le droit d'annuler l'abonnement avec un remboursement au prorata des frais pour la partie non utilis\u00e9e de la p\u00e9riode d'abonnement.<\/li>\n<\/ul>\n\n\n\n<h5 class=\"wp-block-heading\">Modifications de la politique de remboursement<\/h5>\n\n\n\n<ul class=\"wp-block-list\">\n<li>buska.io se r\u00e9serve le droit de modifier la politique de remboursement \u00e0 tout moment. Toute modification entrera en vigueur imm\u00e9diatement apr\u00e8s sa publication sur le site Web ou sa notification au Client. La poursuite de l'utilisation des Services apr\u00e8s de tels changements constituera le consentement du Client \u00e0 ces changements.<\/li>\n\n\n\n<li>Les clients sont invit\u00e9s \u00e0 consulter r\u00e9guli\u00e8rement la politique de remboursement pour se tenir inform\u00e9s de tout changement.<\/li>\n<\/ul>\n\n\n\n<h5 class=\"wp-block-heading\">Modification des conditions<\/h5>\n\n\n\n<p>Le prestataire se r\u00e9serve le droit de modifier les pr\u00e9sentes CGV \u00e0 tout moment. Les modifications entreront en vigueur imm\u00e9diatement apr\u00e8s leur publication sur la plateforme.<\/p>\n\n\n\n<h5 class=\"wp-block-heading\">Droit applicable et juridiction<\/h5>\n\n\n\n<p>Les pr\u00e9sentes CGV sont r\u00e9gies par le droit fran\u00e7ais. Tout litige relatif \u00e0 leur interpr\u00e9tation et\/ou \u00e0 leur ex\u00e9cution rel\u00e8ve de la comp\u00e9tence des tribunaux fran\u00e7ais.<\/p>","protected":false},"excerpt":{"rendered":"<p>All the information on this website &#8211; www.buska.io &#8211; is published in good faith and for general information purpose only. www.buska.io does not make any warranties about the completeness, reliability and accuracy of this information. Any action you take upon the information you find on this website (www.buska.io), is strictly at your own risk. www.buska.io [&hellip;]<\/p>","protected":false},"author":1,"featured_media":0,"parent":0,"menu_order":0,"comment_status":"closed","ping_status":"closed","template":"","meta":{"om_disable_all_campaigns":false,"_monsterinsights_skip_tracking":false,"_monsterinsights_sitenote_active":false,"_monsterinsights_sitenote_note":"","_monsterinsights_sitenote_category":0,"footnotes":""},"class_list":["post-21873","page","type-page","status-publish","hentry"],"aioseo_notices":[],"_links":{"self":[{"href":"https:\/\/buska.fr\/fr\/wp-json\/wp\/v2\/pages\/21873","targetHints":{"allow":["GET"]}}],"collection":[{"href":"https:\/\/buska.fr\/fr\/wp-json\/wp\/v2\/pages"}],"about":[{"href":"https:\/\/buska.fr\/fr\/wp-json\/wp\/v2\/types\/page"}],"author":[{"embeddable":true,"href":"https:\/\/buska.fr\/fr\/wp-json\/wp\/v2\/users\/1"}],"replies":[{"embeddable":true,"href":"https:\/\/buska.fr\/fr\/wp-json\/wp\/v2\/comments?post=21873"}],"version-history":[{"count":1,"href":"https:\/\/buska.fr\/fr\/wp-json\/wp\/v2\/pages\/21873\/revisions"}],"predecessor-version":[{"id":21874,"href":"https:\/\/buska.fr\/fr\/wp-json\/wp\/v2\/pages\/21873\/revisions\/21874"}],"wp:attachment":[{"href":"https:\/\/buska.fr\/fr\/wp-json\/wp\/v2\/media?parent=21873"}],"curies":[{"name":"wp","href":"https:\/\/api.w.org\/{rel}","templated":true}]}}